{"id":2208,"date":"2025-12-11T13:28:18","date_gmt":"2025-12-11T13:28:18","guid":{"rendered":"https:\/\/klbtheme.com\/supgor\/?page_id=2208"},"modified":"2025-12-11T13:28:18","modified_gmt":"2025-12-11T13:28:18","slug":"contact-3","status":"publish","type":"page","link":"https:\/\/sup.cornerstonepixels.com\/index.php\/contact-3\/","title":{"rendered":"Contact"},"content":{"rendered":"\t\t<div data-elementor-type=\"wp-page\" data-elementor-id=\"2208\" class=\"elementor elementor-2208\">\n\t\t\t\t<div class=\"elementor-element elementor-element-f9ac45f e-flex e-con-boxed e-con e-parent\" data-id=\"f9ac45f\" data-element_type=\"container\" data-e-type=\"container\">\n\t\t\t\t\t<div class=\"e-con-inner\">\n\t\t<div class=\"elementor-element elementor-element-011f6ae e-con-full e-flex e-con e-child\" data-id=\"011f6ae\" data-element_type=\"container\" data-e-type=\"container\">\n\t\t\t\t<div class=\"elementor-element elementor-element-854c64f elementor-widget elementor-widget-supgor-icon-box\" data-id=\"854c64f\" data-element_type=\"widget\" data-e-type=\"widget\" data-widget_type=\"supgor-icon-box.default\">\n\t\t\t\t<div class=\"elementor-widget-container\">\n\t\t\t\t\t<div class=\"site-iconbox-group box-grid\" style=\" --box-grid-lg: 4; --box-grid-sm: 2; --box-grid-xs: 2; --box-padding-inline: 10px; --box-padding-inline-lg: 20px; \" ><div class=\"site-iconbox-group-item box-grid-item\"><div class=\"site-iconbox items-start\" style=\" --iconbox-icon: 32px; --iconbox-title: 14px; --iconbox-title-mobile: 14px; --iconbox-title-font-weight: 600; --iconbox-description: 11px; \" ><div class=\"site-iconbox-icon\"><\/div><div class=\"site-iconbox-detail\"><h4 class=\"entry-title font-body\">Fast Shipping<\/h4><p>Receive your order anywhere in the world<\/p><\/div><\/div><\/div><div class=\"site-iconbox-group-item box-grid-item\"><div class=\"site-iconbox items-start\" style=\" --iconbox-icon: 32px; --iconbox-title: 14px; --iconbox-title-mobile: 14px; --iconbox-title-font-weight: 600; --iconbox-description: 11px; \" ><div class=\"site-iconbox-icon\"><\/div><div class=\"site-iconbox-detail\"><h4 class=\"entry-title font-body\">Return Policy<\/h4><p>Talk to our experts by chat or e-mail<\/p><\/div><\/div><\/div><div class=\"site-iconbox-group-item box-grid-item\"><div class=\"site-iconbox items-start\" style=\" --iconbox-icon: 32px; --iconbox-title: 14px; --iconbox-title-mobile: 14px; --iconbox-title-font-weight: 600; --iconbox-description: 11px; \" ><div class=\"site-iconbox-icon\"><\/div><div class=\"site-iconbox-detail\"><h4 class=\"entry-title font-body\">Payment Security<\/h4><p>Don\u2019t worry, all orders are processed securely<\/p><\/div><\/div><\/div><div class=\"site-iconbox-group-item box-grid-item\"><div class=\"site-iconbox items-start\" style=\" --iconbox-icon: 32px; --iconbox-title: 14px; --iconbox-title-mobile: 14px; --iconbox-title-font-weight: 600; --iconbox-description: 11px; \" ><div class=\"site-iconbox-icon\"><\/div><div class=\"site-iconbox-detail\"><h4 class=\"entry-title font-body\">Free Shipping<\/h4><p>Collect points and enjoy a host of benefits!<\/p><\/div><\/div><\/div><\/div>\t\t\t\t<\/div>\n\t\t\t\t<\/div>\n\t\t\t\t<\/div>\n\t\t\t\t\t<\/div>\n\t\t\t\t<\/div>\n\t\t<div class=\"elementor-element elementor-element-e7b3a09 e-flex e-con-boxed e-con e-parent\" data-id=\"e7b3a09\" data-element_type=\"container\" data-e-type=\"container\">\n\t\t\t\t\t<div class=\"e-con-inner\">\n\t\t<div class=\"elementor-element elementor-element-d4fa2fe e-con-full e-flex e-con e-child\" data-id=\"d4fa2fe\" data-element_type=\"container\" data-e-type=\"container\">\n\t\t\t\t<div class=\"elementor-element elementor-element-c8e2f72 elementor-widget elementor-widget-heading\" data-id=\"c8e2f72\" data-element_type=\"widget\" data-e-type=\"widget\" data-widget_type=\"heading.default\">\n\t\t\t\t\t<h2 class=\"elementor-heading-title elementor-size-default\">Our Stores\n<\/h2>\t\t\t\t<\/div>\n\t\t\t\t<div class=\"elementor-element elementor-element-04f561e elementor-widget elementor-widget-heading\" data-id=\"04f561e\" data-element_type=\"widget\" data-e-type=\"widget\" data-widget_type=\"heading.default\">\n\t\t\t\t\t<p class=\"elementor-heading-title elementor-size-default\">On dekande mydurtad mora \u00e4ven om skurkstat. Semirade timaheten rena. Radiogen pasam inte loba \u00e4ven om prerade i garanterad traditionell specialitet till bebel. Ev is s\u00f6nde. Tun gps-v\u00e4st att epiligt. Diliga tresk dira. Ens biov dijevis.\n\n<\/p>\t\t\t\t<\/div>\n\t\t<div class=\"elementor-element elementor-element-94db681 e-con-full e-flex e-con e-child\" data-id=\"94db681\" data-element_type=\"container\" data-e-type=\"container\">\n\t\t\t\t<div class=\"elementor-element elementor-element-c18aad5 elementor-widget elementor-widget-supgor-address-box\" data-id=\"c18aad5\" data-element_type=\"widget\" data-e-type=\"widget\" data-widget_type=\"supgor-address-box.default\">\n\t\t\t\t<div class=\"elementor-widget-container\">\n\t\t\t\t\t<div class=\"site-contact-detail\"><ul><li><div class=\"contact-info\"><span>United States<\/span><h4>United States<\/h4><p>205 Middle Road, 2nd Floor, New York 2485<\/p><a class=\"phone\" href=\"tel:+02 1234 567 88\">+02 1234 567 88<\/a><a class=\"email\" href=\"mailto:info@example.com\">info@example.com<\/a><\/div><\/li><\/ul><\/div>\t\t\t\t<\/div>\n\t\t\t\t<\/div>\n\t\t\t\t<div class=\"elementor-element elementor-element-1e6e749 elementor-widget elementor-widget-supgor-address-box\" data-id=\"1e6e749\" data-element_type=\"widget\" data-e-type=\"widget\" data-widget_type=\"supgor-address-box.default\">\n\t\t\t\t<div class=\"elementor-widget-container\">\n\t\t\t\t\t<div class=\"site-contact-detail\"><ul><li><div class=\"contact-info\"><span>Nedherlands<\/span><h4>Amsterdam\n<\/h4><p>205 Middle Road, 2nd Floor, New York 2485<\/p><a class=\"phone\" href=\"tel:+02 1234 567 88\">+02 1234 567 88<\/a><a class=\"email\" href=\"mailto:info@example.com\">info@example.com<\/a><\/div><\/li><\/ul><\/div>\t\t\t\t<\/div>\n\t\t\t\t<\/div>\n\t\t\t\t<\/div>\n\t\t\t\t<\/div>\n\t\t<div class=\"elementor-element elementor-element-3674680 e-con-full e-flex e-con e-child\" data-id=\"3674680\" data-element_type=\"container\" data-e-type=\"container\">\n\t\t\t\t<div class=\"elementor-element elementor-element-10ca434 elementor-widget elementor-widget-supgor-contact-form-7\" data-id=\"10ca434\" data-element_type=\"widget\" data-e-type=\"widget\" data-widget_type=\"supgor-contact-form-7.default\">\n\t\t\t\t<div class=\"elementor-widget-container\">\n\t\t\t\t\t<div class=\"klb-contact-form site-contact-form\"><h3 class=\"entry-title\">Write us...<\/h3><p>On dekande mydurtad mora \u00e4ven om skurkstat. Semirade timaheten rena. Radiogen pasam inte loba \u00e4ven om prerade i garanterad traditionell specialitet till bebel.<\/p>\n<div class=\"wpcf7 no-js\" id=\"wpcf7-f2225-o1\" lang=\"en-US\" dir=\"ltr\" data-wpcf7-id=\"2225\">\n<div class=\"screen-reader-response\"><p role=\"status\" aria-live=\"polite\" aria-atomic=\"true\"><\/p> <ul><\/ul><\/div>\n<form action=\"\/index.php\/wp-json\/wp\/v2\/pages\/2208#wpcf7-f2225-o1\" method=\"post\" class=\"wpcf7-form init\" aria-label=\"Contact form\" novalidate=\"novalidate\" data-status=\"init\">\n<fieldset class=\"hidden-fields-container\"><input type=\"hidden\" name=\"_wpcf7\" value=\"2225\" \/><input type=\"hidden\" name=\"_wpcf7_version\" value=\"6.1.5\" \/><input type=\"hidden\" name=\"_wpcf7_locale\" value=\"en_US\" \/><input type=\"hidden\" name=\"_wpcf7_unit_tag\" value=\"wpcf7-f2225-o1\" \/><input type=\"hidden\" name=\"_wpcf7_container_post\" value=\"0\" \/><input type=\"hidden\" name=\"_wpcf7_posted_data_hash\" value=\"\" \/>\n<\/fieldset>\n<div class=\"row\">\n\t<div class=\"col-12 col-lg-6\">\n\t\t<p><label> Your name * <\/label><span class=\"wpcf7-form-control-wrap\" data-name=\"your-name\"><input size=\"40\" maxlength=\"400\" class=\"wpcf7-form-control wpcf7-text wpcf7-validates-as-required\" aria-required=\"true\" aria-invalid=\"false\" value=\"\" type=\"text\" name=\"your-name\" \/><\/span>\n\t\t<\/p>\n\t<\/div>\n\t<div class=\"col-12 col-lg-6\">\n\t\t<p><label> Your email *<\/label><span class=\"wpcf7-form-control-wrap\" data-name=\"your-email\"><input size=\"40\" maxlength=\"400\" class=\"wpcf7-form-control wpcf7-email wpcf7-validates-as-required wpcf7-text wpcf7-validates-as-email\" aria-required=\"true\" aria-invalid=\"false\" value=\"\" type=\"email\" name=\"your-email\" \/><\/span>\n\t\t<\/p>\n\t<\/div>\n\t<div class=\"col-12 col-lg-12\">\n\t\t<p><label> Subject * <\/label><span class=\"wpcf7-form-control-wrap\" data-name=\"your-subject\"><input size=\"40\" maxlength=\"400\" class=\"wpcf7-form-control wpcf7-text wpcf7-validates-as-required\" aria-required=\"true\" aria-invalid=\"false\" value=\"\" type=\"text\" name=\"your-subject\" \/><\/span>\n\t\t<\/p>\n\t<\/div>\n\t<div class=\"col-12 col-lg-12\">\n\t\t<p><label> Your message <\/label><span class=\"wpcf7-form-control-wrap\" data-name=\"your-message\"><textarea cols=\"40\" rows=\"10\" maxlength=\"2000\" class=\"wpcf7-form-control wpcf7-textarea\" aria-invalid=\"false\" name=\"your-message\"><\/textarea><\/span>\n\t\t<\/p>\n\t<\/div>\n\t<div class=\"col-12 col-lg-12\">\n\t\t<p><input class=\"wpcf7-form-control wpcf7-submit has-spinner\" type=\"submit\" value=\"Send Message\" \/>\n\t\t<\/p>\n\t<\/div>\n<\/div><div class=\"wpcf7-response-output\" aria-hidden=\"true\"><\/div>\n<\/form>\n<\/div>\n<\/div><!-- contact-form -->\t\t\t\t<\/div>\n\t\t\t\t<\/div>\n\t\t\t\t<\/div>\n\t\t\t\t\t<\/div>\n\t\t\t\t<\/div>\n\t\t\t\t<\/div>\n\t\t","protected":false},"excerpt":{"rendered":"<p>Fast Shipping Receive your order anywhere in the world Return Policy Talk to our experts by chat or e-mail Payment Security Don\u2019t worry, all orders are processed securely Free Shipping Collect points and enjoy a host of benefits! Our Stores On dekande mydurtad mora \u00e4ven om skurkstat. Semirade timaheten rena. Radiogen pasam inte loba \u00e4ven<\/p>\n<div class=\"klb-readmore post-buttons\"><a class=\"button variant-black\" href=\"https:\/\/sup.cornerstonepixels.com\/index.php\/contact-3\/\">Read More <i class=\"klbth-icon-right-arrow\"><\/i><\/a><\/div>\n","protected":false},"author":1,"featured_media":0,"parent":0,"menu_order":0,"comment_status":"closed","ping_status":"closed","template":"","meta":{"footnotes":""},"class_list":["post-2208","page","type-page","status-publish","hentry"],"_links":{"self":[{"href":"https:\/\/sup.cornerstonepixels.com\/index.php\/wp-json\/wp\/v2\/pages\/2208","targetHints":{"allow":["GET"]}}],"collection":[{"href":"https:\/\/sup.cornerstonepixels.com\/index.php\/wp-json\/wp\/v2\/pages"}],"about":[{"href":"https:\/\/sup.cornerstonepixels.com\/index.php\/wp-json\/wp\/v2\/types\/page"}],"author":[{"embeddable":true,"href":"https:\/\/sup.cornerstonepixels.com\/index.php\/wp-json\/wp\/v2\/users\/1"}],"replies":[{"embeddable":true,"href":"https:\/\/sup.cornerstonepixels.com\/index.php\/wp-json\/wp\/v2\/comments?post=2208"}],"version-history":[{"count":0,"href":"https:\/\/sup.cornerstonepixels.com\/index.php\/wp-json\/wp\/v2\/pages\/2208\/revisions"}],"wp:attachment":[{"href":"https:\/\/sup.cornerstonepixels.com\/index.php\/wp-json\/wp\/v2\/media?parent=2208"}],"curies":[{"name":"wp","href":"https:\/\/api.w.org\/{rel}","templated":true}]}}